{"id":140,"date":"2020-10-04T11:57:54","date_gmt":"2020-10-04T11:57:54","guid":{"rendered":"https:\/\/frezavimonamai.lt\/?page_id=140"},"modified":"2020-10-05T18:20:07","modified_gmt":"2020-10-05T18:20:07","slug":"sviesdezes","status":"publish","type":"page","link":"https:\/\/frezavimonamai.lt\/index.php\/sviesdezes\/","title":{"rendered":"\u0160viesd\u0117\u017e\u0117s"},"content":{"rendered":"<h4><strong>\u0160viesd\u0117\u017e\u0117s \u2013 optimalus sprendimas interjere ir eksterjere, kai reikia demonstruoti daugiau nei<\/strong><br \/><strong>vien\u0105 prek\u0117s ar \u012fmon\u0117s \u017eenkl\u0105. Reklamin\u0117s \u0161viesd\u0117\u017e\u0117s gali b\u016bti standartin\u0117s: i\u0161 aliuminio ar PVC<\/strong><br \/><strong>profili\u0173 ir organinio stiklo, kvadrato ar sta\u010diakampio formos.<\/strong><br \/><strong>Nestandartin\u0117s \u0161viesd\u0117\u017e\u0117s \u2013 \u012fvairi\u0173 form\u0173, atsi\u017evelgiant \u012f u\u017esakovo poreikius ir prek\u0117s \u017eenkl\u0105.<\/strong><\/h4>\n","protected":false},"excerpt":{"rendered":"<p>\u0160viesd\u0117\u017e\u0117s \u2013 optimalus sprendimas interjere ir eksterjere, kai reikia demonstruoti daugiau neivien\u0105 prek\u0117s ar \u012fmon\u0117s \u017eenkl\u0105. Reklamin\u0117s \u0161viesd\u0117\u017e\u0117s gali b\u016bti [&hellip;]<\/p>\n","protected":false},"author":1,"featured_media":0,"parent":0,"menu_order":0,"comment_status":"closed","ping_status":"closed","template":"","meta":{"_uag_custom_page_level_css":"","site-sidebar-layout":"default","site-content-layout":"","ast-site-content-layout":"","site-content-style":"default","site-sidebar-style":"default","ast-global-header-display":"","ast-banner-title-visibility":"","ast-main-header-display":"","ast-hfb-above-header-display":"","ast-hfb-below-header-display":"","ast-hfb-mobile-header-display":"","site-post-title":"","ast-breadcrumbs-content":"","ast-featured-img":"","footer-sml-layout":"","theme-transparent-header-meta":"","adv-header-id-meta":"","stick-header-meta":"","header-above-stick-meta":"","header-main-stick-meta":"","header-below-stick-meta":"","astra-migrate-meta-layouts":"default","ast-page-background-enabled":"default","ast-page-background-meta":{"desktop":{"background-color":"var(--ast-global-color-4)","background-image":"","background-repeat":"repeat","background-position":"center center","background-size":"auto","background-attachment":"scroll","background-type":"","background-media":"","overlay-type":"","overlay-color":"","overlay-gradient":""},"tablet":{"background-color":"","background-image":"","background-repeat":"repeat","background-position":"center center","background-size":"auto","background-attachment":"scroll","background-type":"","background-media":"","overlay-type":"","overlay-color":"","overlay-gradient":""},"mobile":{"background-color":"","background-image":"","background-repeat":"repeat","background-position":"center center","background-size":"auto","background-attachment":"scroll","background-type":"","background-media":"","overlay-type":"","overlay-color":"","overlay-gradient":""}},"ast-content-background-meta":{"desktop":{"background-color":"var(--ast-global-color-5)","background-image":"","background-repeat":"repeat","background-position":"center center","background-size":"auto","background-attachment":"scroll","background-type":"","background-media":"","overlay-type":"","overlay-color":"","overlay-gradient":""},"tablet":{"background-color":"var(--ast-global-color-5)","background-image":"","background-repeat":"repeat","background-position":"center center","background-size":"auto","background-attachment":"scroll","background-type":"","background-media":"","overlay-type":"","overlay-color":"","overlay-gradient":""},"mobile":{"background-color":"var(--ast-global-color-5)","background-image":"","background-repeat":"repeat","background-position":"center center","background-size":"auto","background-attachment":"scroll","background-type":"","background-media":"","overlay-type":"","overlay-color":"","overlay-gradient":""}},"footnotes":""},"class_list":["post-140","page","type-page","status-publish","hentry"],"uagb_featured_image_src":{"full":false,"thumbnail":false,"medium":false,"medium_large":false,"large":false,"1536x1536":false,"2048x2048":false},"uagb_author_info":{"display_name":"frezavimonamai","author_link":"https:\/\/frezavimonamai.lt\/index.php\/author\/frezavimonamai\/"},"uagb_comment_info":0,"uagb_excerpt":"\u0160viesd\u0117\u017e\u0117s \u2013 optimalus sprendimas interjere ir eksterjere, kai reikia demonstruoti daugiau neivien\u0105 prek\u0117s ar \u012fmon\u0117s \u017eenkl\u0105. Reklamin\u0117s \u0161viesd\u0117\u017e\u0117s gali b\u016bti [&hellip;]","_links":{"self":[{"href":"https:\/\/frezavimonamai.lt\/index.php\/wp-json\/wp\/v2\/pages\/140","targetHints":{"allow":["GET"]}}],"collection":[{"href":"https:\/\/frezavimonamai.lt\/index.php\/wp-json\/wp\/v2\/pages"}],"about":[{"href":"https:\/\/frezavimonamai.lt\/index.php\/wp-json\/wp\/v2\/types\/page"}],"author":[{"embeddable":true,"href":"https:\/\/frezavimonamai.lt\/index.php\/wp-json\/wp\/v2\/users\/1"}],"replies":[{"embeddable":true,"href":"https:\/\/frezavimonamai.lt\/index.php\/wp-json\/wp\/v2\/comments?post=140"}],"version-history":[{"count":2,"href":"https:\/\/frezavimonamai.lt\/index.php\/wp-json\/wp\/v2\/pages\/140\/revisions"}],"predecessor-version":[{"id":210,"href":"https:\/\/frezavimonamai.lt\/index.php\/wp-json\/wp\/v2\/pages\/140\/revisions\/210"}],"wp:attachment":[{"href":"https:\/\/frezavimonamai.lt\/index.php\/wp-json\/wp\/v2\/media?parent=140"}],"curies":[{"name":"wp","href":"https:\/\/api.w.org\/{rel}","templated":true}]}}