{"id":142,"date":"2020-10-04T11:58:35","date_gmt":"2020-10-04T11:58:35","guid":{"rendered":"https:\/\/frezavimonamai.lt\/?page_id=142"},"modified":"2024-04-23T10:14:34","modified_gmt":"2024-04-23T10:14:34","slug":"turines-raides-is-putplascio","status":"publish","type":"page","link":"https:\/\/frezavimonamai.lt\/index.php\/turines-raides-is-putplascio\/","title":{"rendered":"T\u016brin\u0117s raid\u0117s i\u0161 putplas\u010dio"},"content":{"rendered":"\n<h4 class=\"wp-block-heading\"><strong>Putplastis yra viena i\u0161 pigiausi\u0173 med\u017eiag\u0173 t\u016brin\u0117ms raid\u0117ms gaminti. Jis nei\u0161skiria kenksming\u0173<\/strong><br><strong>med\u017eiag\u0173, netirpsta ir nesiple\u010dia vandenyje, prakti\u0161kai nesugeria dr\u0117gm\u0117s. 3D t\u016brin\u0117s raid\u0117s i\u0161<\/strong><br><strong>putplas\u010dio puikiai der\u0117s prie J\u016bs\u0173 kuriamo vidinio ofiso interjero. \u012evair\u016bs put\u0173 gaminiai gali<\/strong><br><strong>papuo\u0161ti ir pastato fasad\u0105. Pagal J\u016bs\u0173 individual\u0173 poreik\u012f, sukursime ir pagaminsime t\u016brines<\/strong><br><strong>raides, ar prek\u0117s \u017eenklo logotipus.<\/strong><\/h4>\n\n\n\n<figure class=\"wp-block-embed is-type-video is-provider-youtube wp-block-embed-youtube wp-embed-aspect-16-9 wp-has-aspect-ratio\"><div class=\"wp-block-embed__wrapper\">\n<div class=\"ast-oembed-container \" style=\"height: 100%;\"><iframe loading=\"lazy\" title=\"putu polistirolo raides\" width=\"500\" height=\"281\" src=\"https:\/\/www.youtube.com\/embed\/xySsewla348?feature=oembed\" frameborder=\"0\" allow=\"accelerometer; autoplay; clipboard-write; encrypted-media; gyroscope; picture-in-picture; web-share\" referrerpolicy=\"strict-origin-when-cross-origin\" allowfullscreen><\/iframe><\/div>\n<\/div><\/figure>\n","protected":false},"excerpt":{"rendered":"<p>Putplastis yra viena i\u0161 pigiausi\u0173 med\u017eiag\u0173 t\u016brin\u0117ms raid\u0117ms gaminti. Jis nei\u0161skiria kenksming\u0173med\u017eiag\u0173, netirpsta ir nesiple\u010dia vandenyje, prakti\u0161kai nesugeria dr\u0117gm\u0117s. 3D [&hellip;]<\/p>\n","protected":false},"author":1,"featured_media":0,"parent":0,"menu_order":0,"comment_status":"closed","ping_status":"closed","template":"","meta":{"_uag_custom_page_level_css":"","site-sidebar-layout":"default","site-content-layout":"","ast-site-content-layout":"","site-content-style":"default","site-sidebar-style":"default","ast-global-header-display":"","ast-banner-title-visibility":"","ast-main-header-display":"","ast-hfb-above-header-display":"","ast-hfb-below-header-display":"","ast-hfb-mobile-header-display":"","site-post-title":"","ast-breadcrumbs-content":"","ast-featured-img":"","footer-sml-layout":"","theme-transparent-header-meta":"","adv-header-id-meta":"","stick-header-meta":"","header-above-stick-meta":"","header-main-stick-meta":"","header-below-stick-meta":"","astra-migrate-meta-layouts":"default","ast-page-background-enabled":"default","ast-page-background-meta":{"desktop":{"background-color":"var(--ast-global-color-4)","background-image":"","background-repeat":"repeat","background-position":"center center","background-size":"auto","background-attachment":"scroll","background-type":"","background-media":"","overlay-type":"","overlay-color":"","overlay-gradient":""},"tablet":{"background-color":"","background-image":"","background-repeat":"repeat","background-position":"center center","background-size":"auto","background-attachment":"scroll","background-type":"","background-media":"","overlay-type":"","overlay-color":"","overlay-gradient":""},"mobile":{"background-color":"","background-image":"","background-repeat":"repeat","background-position":"center center","background-size":"auto","background-attachment":"scroll","background-type":"","background-media":"","overlay-type":"","overlay-color":"","overlay-gradient":""}},"ast-content-background-meta":{"desktop":{"background-color":"var(--ast-global-color-5)","background-image":"","background-repeat":"repeat","background-position":"center center","background-size":"auto","background-attachment":"scroll","background-type":"","background-media":"","overlay-type":"","overlay-color":"","overlay-gradient":""},"tablet":{"background-color":"var(--ast-global-color-5)","background-image":"","background-repeat":"repeat","background-position":"center center","background-size":"auto","background-attachment":"scroll","background-type":"","background-media":"","overlay-type":"","overlay-color":"","overlay-gradient":""},"mobile":{"background-color":"var(--ast-global-color-5)","background-image":"","background-repeat":"repeat","background-position":"center center","background-size":"auto","background-attachment":"scroll","background-type":"","background-media":"","overlay-type":"","overlay-color":"","overlay-gradient":""}},"footnotes":""},"class_list":["post-142","page","type-page","status-publish","hentry"],"uagb_featured_image_src":{"full":false,"thumbnail":false,"medium":false,"medium_large":false,"large":false,"1536x1536":false,"2048x2048":false},"uagb_author_info":{"display_name":"frezavimonamai","author_link":"https:\/\/frezavimonamai.lt\/index.php\/author\/frezavimonamai\/"},"uagb_comment_info":0,"uagb_excerpt":"Putplastis yra viena i\u0161 pigiausi\u0173 med\u017eiag\u0173 t\u016brin\u0117ms raid\u0117ms gaminti. Jis nei\u0161skiria kenksming\u0173med\u017eiag\u0173, netirpsta ir nesiple\u010dia vandenyje, prakti\u0161kai nesugeria dr\u0117gm\u0117s. 3D [&hellip;]","_links":{"self":[{"href":"https:\/\/frezavimonamai.lt\/index.php\/wp-json\/wp\/v2\/pages\/142","targetHints":{"allow":["GET"]}}],"collection":[{"href":"https:\/\/frezavimonamai.lt\/index.php\/wp-json\/wp\/v2\/pages"}],"about":[{"href":"https:\/\/frezavimonamai.lt\/index.php\/wp-json\/wp\/v2\/types\/page"}],"author":[{"embeddable":true,"href":"https:\/\/frezavimonamai.lt\/index.php\/wp-json\/wp\/v2\/users\/1"}],"replies":[{"embeddable":true,"href":"https:\/\/frezavimonamai.lt\/index.php\/wp-json\/wp\/v2\/comments?post=142"}],"version-history":[{"count":3,"href":"https:\/\/frezavimonamai.lt\/index.php\/wp-json\/wp\/v2\/pages\/142\/revisions"}],"predecessor-version":[{"id":434,"href":"https:\/\/frezavimonamai.lt\/index.php\/wp-json\/wp\/v2\/pages\/142\/revisions\/434"}],"wp:attachment":[{"href":"https:\/\/frezavimonamai.lt\/index.php\/wp-json\/wp\/v2\/media?parent=142"}],"curies":[{"name":"wp","href":"https:\/\/api.w.org\/{rel}","templated":true}]}}